{"id":896,"date":"2022-05-16T13:31:48","date_gmt":"2022-05-16T13:31:48","guid":{"rendered":"http:\/\/pattersonmills.ch\/?page_id=896"},"modified":"2025-08-29T17:57:55","modified_gmt":"2025-08-29T15:57:55","slug":"our-international-perspective","status":"publish","type":"page","link":"https:\/\/pattersonmills.ch\/fr\/our-international-perspective\/","title":{"rendered":"Services pour les expatri\u00e9s"},"content":{"rendered":"<div data-elementor-type=\"wp-page\" data-elementor-id=\"896\" class=\"elementor elementor-896\" data-elementor-post-type=\"page\">\n\t\t\t\t\t\t<section class=\"elementor-section elementor-top-section elementor-element elementor-element-6cdbbc50 elementor-section-full_width elementor-section-height-min-height elementor-section-items-stretch elementor-hidden-mobile elementor-section-height-default\" data-id=\"6cdbbc50\" data-element_type=\"section\" data-e-type=\"section\">\n\t\t\t\t\t\t<div class=\"elementor-container elementor-column-gap-default\">\n\t\t\t\t\t<div class=\"elementor-column elementor-col-50 elementor-top-column elementor-element elementor-element-7b9802e5\" data-id=\"7b9802e5\" data-element_type=\"column\" data-e-type=\"column\" data-settings=\"{&quot;background_background&quot;:&quot;classic&quot;}\">\n\t\t\t<div class=\"elementor-widget-wrap elementor-element-populated\">\n\t\t\t\t\t\t<div class=\"elementor-element elementor-element-34c3596 elementor-widget elementor-widget-spacer\" data-id=\"34c3596\" data-element_type=\"widget\" data-e-type=\"widget\" data-widget_type=\"spacer.default\">\n\t\t\t\t<div class=\"elementor-widget-container\">\n\t\t\t\t\t\t\t<div class=\"elementor-spacer\">\n\t\t\t<div class=\"elementor-spacer-inner\"><\/div>\n\t\t<\/div>\n\t\t\t\t\t\t<\/div>\n\t\t\t\t<\/div>\n\t\t\t\t\t<\/div>\n\t\t<\/div>\n\t\t\t\t<div class=\"elementor-column elementor-col-50 elementor-top-column elementor-element elementor-element-223fb78f\" data-id=\"223fb78f\" data-element_type=\"column\" data-e-type=\"column\" data-settings=\"{&quot;background_background&quot;:&quot;classic&quot;,&quot;animation&quot;:&quot;none&quot;}\">\n\t\t\t<div class=\"elementor-widget-wrap elementor-element-populated\">\n\t\t\t\t\t\t<div class=\"elementor-element elementor-element-640a5b7c animated-slow elementor-invisible elementor-widget elementor-widget-text-editor\" data-id=\"640a5b7c\" data-element_type=\"widget\" data-e-type=\"widget\" data-settings=\"{&quot;_animation&quot;:&quot;fadeIn&quot;,&quot;_animation_delay&quot;:0.5}\" data-widget_type=\"text-editor.default\">\n\t\t\t\t<div class=\"elementor-widget-container\">\n\t\t\t\t\t\t\t\t\t<p>Through harnessing our global outlook, we offer an extensive range of financial services wherever you may be.<\/p>\t\t\t\t\t\t\t\t<\/div>\n\t\t\t\t<\/div>\n\t\t\t\t\t<\/div>\n\t\t<\/div>\n\t\t\t\t\t<\/div>\n\t\t<\/section>\n\t\t\t\t<section class=\"elementor-section elementor-top-section elementor-element elementor-element-ac9bda1 elementor-section-full_width elementor-hidden-desktop elementor-hidden-tablet elementor-section-height-default elementor-section-height-default\" data-id=\"ac9bda1\" data-element_type=\"section\" data-e-type=\"section\">\n\t\t\t\t\t\t<div class=\"elementor-container elementor-column-gap-default\">\n\t\t\t\t\t<div class=\"elementor-column elementor-col-100 elementor-top-column elementor-element elementor-element-2a004df\" data-id=\"2a004df\" data-element_type=\"column\" data-e-type=\"column\">\n\t\t\t<div class=\"elementor-widget-wrap elementor-element-populated\">\n\t\t\t\t\t\t<div class=\"elementor-element elementor-element-2aafa55 elementor-widget elementor-widget-image\" data-id=\"2aafa55\" data-element_type=\"widget\" data-e-type=\"widget\" data-widget_type=\"image.default\">\n\t\t\t\t<div class=\"elementor-widget-container\">\n\t\t\t\t\t\t\t\t\t\t\t\t\t\t\t<img fetchpriority=\"high\" decoding=\"async\" width=\"1000\" height=\"800\" src=\"https:\/\/pattersonmills.ch\/wp-content\/uploads\/2022\/08\/cross-border-serivces-headers.jpg\" class=\"attachment-full size-full wp-image-4810\" alt=\"International Perspective - Expatriate Services - Globe\" srcset=\"https:\/\/pattersonmills.ch\/wp-content\/uploads\/2022\/08\/cross-border-serivces-headers.jpg 1000w, https:\/\/pattersonmills.ch\/wp-content\/uploads\/2022\/08\/cross-border-serivces-headers-300x240.jpg 300w, https:\/\/pattersonmills.ch\/wp-content\/uploads\/2022\/08\/cross-border-serivces-headers-768x614.jpg 768w, https:\/\/pattersonmills.ch\/wp-content\/uploads\/2022\/08\/cross-border-serivces-headers-15x12.jpg 15w\" sizes=\"(max-width: 1000px) 100vw, 1000px\" \/>\t\t\t\t\t\t\t\t\t\t\t\t\t\t\t<\/div>\n\t\t\t\t<\/div>\n\t\t\t\t\t<\/div>\n\t\t<\/div>\n\t\t\t\t\t<\/div>\n\t\t<\/section>\n\t\t\t\t<section class=\"elementor-section elementor-top-section elementor-element elementor-element-fd83047 elementor-section-full_width elementor-hidden-desktop elementor-hidden-tablet elementor-section-height-default elementor-section-height-default\" data-id=\"fd83047\" data-element_type=\"section\" data-e-type=\"section\" data-settings=\"{&quot;background_background&quot;:&quot;classic&quot;}\">\n\t\t\t\t\t\t<div class=\"elementor-container elementor-column-gap-default\">\n\t\t\t\t\t<div class=\"elementor-column elementor-col-100 elementor-top-column elementor-element elementor-element-4c26df7\" data-id=\"4c26df7\" data-element_type=\"column\" data-e-type=\"column\" data-settings=\"{&quot;animation&quot;:&quot;none&quot;}\">\n\t\t\t<div class=\"elementor-widget-wrap elementor-element-populated\">\n\t\t\t\t\t\t<div class=\"elementor-element elementor-element-1a729de animated-slow elementor-invisible elementor-widget elementor-widget-text-editor\" data-id=\"1a729de\" data-element_type=\"widget\" data-e-type=\"widget\" data-settings=\"{&quot;_animation&quot;:&quot;fadeIn&quot;,&quot;_animation_delay&quot;:0.5}\" data-widget_type=\"text-editor.default\">\n\t\t\t\t<div class=\"elementor-widget-container\">\n\t\t\t\t\t\t\t\t\t<p>Through harnessing our global outlook, we offer an extensive range of financial services wherever you may be.<\/p>\t\t\t\t\t\t\t\t<\/div>\n\t\t\t\t<\/div>\n\t\t\t\t\t<\/div>\n\t\t<\/div>\n\t\t\t\t\t<\/div>\n\t\t<\/section>\n\t\t\t\t<section class=\"elementor-section elementor-top-section elementor-element elementor-element-3e3fcdf5 elementor-section-full_width elementor-section-height-default elementor-section-height-default\" data-id=\"3e3fcdf5\" data-element_type=\"section\" data-e-type=\"section\" data-settings=\"{&quot;background_background&quot;:&quot;classic&quot;}\">\n\t\t\t\t\t\t<div class=\"elementor-container elementor-column-gap-default\">\n\t\t\t\t\t<div class=\"elementor-column elementor-col-100 elementor-top-column elementor-element elementor-element-21fcc1ae\" data-id=\"21fcc1ae\" data-element_type=\"column\" data-e-type=\"column\" data-settings=\"{&quot;animation&quot;:&quot;none&quot;}\">\n\t\t\t<div class=\"elementor-widget-wrap elementor-element-populated\">\n\t\t\t\t\t\t<div class=\"elementor-element elementor-element-340d17f3 animated-slow elementor-invisible elementor-widget elementor-widget-heading\" data-id=\"340d17f3\" data-element_type=\"widget\" data-e-type=\"widget\" data-settings=\"{&quot;_animation&quot;:&quot;fadeIn&quot;}\" data-widget_type=\"heading.default\">\n\t\t\t\t<div class=\"elementor-widget-container\">\n\t\t\t\t\t<h2 class=\"elementor-heading-title elementor-size-default\">Services for Expatriates<\/h2>\t\t\t\t<\/div>\n\t\t\t\t<\/div>\n\t\t\t\t<div class=\"elementor-element elementor-element-b6be15d animated-slow elementor-invisible elementor-widget elementor-widget-text-editor\" data-id=\"b6be15d\" data-element_type=\"widget\" data-e-type=\"widget\" data-settings=\"{&quot;_animation&quot;:&quot;fadeIn&quot;,&quot;_animation_delay&quot;:0.5}\" data-widget_type=\"text-editor.default\">\n\t\t\t\t<div class=\"elementor-widget-container\">\n\t\t\t\t\t\t\t\t\t<p>As a client of Patterson Mills, you can be assured that you are receiving high quality, bespoke and modern financial planning advice, wherever you are, thanks to our own expertise and international partnerships.<\/p>\t\t\t\t\t\t\t\t<\/div>\n\t\t\t\t<\/div>\n\t\t\t\t<section class=\"elementor-section elementor-inner-section elementor-element elementor-element-77c3c067 elementor-section-full_width animated-slow elementor-section-height-default elementor-section-height-default elementor-invisible\" data-id=\"77c3c067\" data-element_type=\"section\" data-e-type=\"section\" data-settings=\"{&quot;animation&quot;:&quot;fadeIn&quot;,&quot;animation_delay&quot;:1}\">\n\t\t\t\t\t\t<div class=\"elementor-container elementor-column-gap-default\">\n\t\t\t\t\t<div class=\"elementor-column elementor-col-50 elementor-inner-column elementor-element elementor-element-38555999\" data-id=\"38555999\" data-element_type=\"column\" data-e-type=\"column\">\n\t\t\t<div class=\"elementor-widget-wrap elementor-element-populated\">\n\t\t\t\t\t\t<div class=\"elementor-element elementor-element-32c09996 elementor-widget elementor-widget-eael-feature-list\" data-id=\"32c09996\" data-element_type=\"widget\" data-e-type=\"widget\" data-widget_type=\"eael-feature-list.default\">\n\t\t\t\t<div class=\"elementor-widget-container\">\n\t\t\t\t\t\t\t<div class=\"-icon-position-left -tablet-icon-position-left -mobile-icon-position-left\">\n\t\t\t<ul id=\"eael-feature-list-32c09996\" class=\"eael-feature-list-items square stacked  eael-feature-list-vertical\" data-layout-tablet=\"vertical\" data-layout-mobile=\"vertical\">\n\t\t\t                <li class=\"eael-feature-list-item elementor-repeater-item-34ee8a2\">\n                    \n\t\t\t\t\t\t<div class=\"eael-feature-list-icon-box\">\n\t\t\t\t\t\t\t<div class=\"eael-feature-list-icon-inner\">\n\n\t\t\t\t\t\t\t\t<a class=\"eael-feature-list-icon fl-icon-0\"href=\"https:\/\/pattersonmills.ch\/fr\/uk-expatriates-service\/\">\n\n\t\t<i aria-hidden=\"true\" class=\"fas fa-map-marked-alt\"><\/i>\t\t\t\t\t\t\t\t<\/a>\n\t\t\t\t\t\t\t<\/div>\n\t\t\t\t\t\t<\/div>\n\t\t\t\t\t\t<div class=\"eael-feature-list-content-box\">\n                            <h2 class=\"eael-feature-list-title\"><a href=\"https:\/\/pattersonmills.ch\/fr\/uk-expatriates-service\/\">UK Expatriates Service<\/a><\/h2>\t\t\t\t\t\t<p class=\"eael-feature-list-content\">For UK expats in Switzerland, we bridge the gap between the two countries, helping you manage pensions, investments, and more with confidence.<\/p>\n\t\t\t\t\t\t<\/div>\n\n\t\t\t\t\t<\/li>\n\t\t\t\t                <li class=\"eael-feature-list-item elementor-repeater-item-6e09c4d\">\n                    \n\t\t\t\t\t\t<div class=\"eael-feature-list-icon-box\">\n\t\t\t\t\t\t\t<div class=\"eael-feature-list-icon-inner\">\n\n\t\t\t\t\t\t\t\t<a class=\"eael-feature-list-icon fl-icon-1\"href=\"https:\/\/pattersonmills.ch\/fr\/us-expatriates-service\/\">\n\n\t\t<i aria-hidden=\"true\" class=\"fas fa-flag-usa\"><\/i>\t\t\t\t\t\t\t\t<\/a>\n\t\t\t\t\t\t\t<\/div>\n\t\t\t\t\t\t<\/div>\n\t\t\t\t\t\t<div class=\"eael-feature-list-content-box\">\n                            <h2 class=\"eael-feature-list-title\"><a href=\"https:\/\/pattersonmills.ch\/fr\/us-expatriates-service\/\">Service pour les expatri\u00e9s Am\u00e9ricains<\/a><\/h2>\t\t\t\t\t\t<p class=\"eael-feature-list-content\">Coming from the US? We can ensure your are able to secure your financial future whilst remaining compliant with all reporting requirements.<\/p>\n\t\t\t\t\t\t<\/div>\n\n\t\t\t\t\t<\/li>\n\t\t\t\t                <li class=\"eael-feature-list-item elementor-repeater-item-56ffcc7\">\n                    \n\t\t\t\t\t\t<div class=\"eael-feature-list-icon-box\">\n\t\t\t\t\t\t\t<div class=\"eael-feature-list-icon-inner\">\n\n\t\t\t\t\t\t\t\t<a class=\"eael-feature-list-icon fl-icon-2\"href=\"https:\/\/pattersonmills.ch\/fr\/corporate-employee-benefits\/\">\n\n\t\t<i aria-hidden=\"true\" class=\"fas fa-plane-departure\"><\/i>\t\t\t\t\t\t\t\t<\/a>\n\t\t\t\t\t\t\t<\/div>\n\t\t\t\t\t\t<\/div>\n\t\t\t\t\t\t<div class=\"eael-feature-list-content-box\">\n                            <h2 class=\"eael-feature-list-title\"><a href=\"https:\/\/pattersonmills.ch\/fr\/corporate-employee-benefits\/\">D\u00e9part du Royaume-Uni<\/a><\/h2>\t\t\t\t\t\t<p class=\"eael-feature-list-content\">If you have moved or are planning a move from the UK, find our what opportunities await you and how we can help.<\/p>\n\t\t\t\t\t\t<\/div>\n\n\t\t\t\t\t<\/li>\n\t\t\t\t                <li class=\"eael-feature-list-item elementor-repeater-item-85e40bb\">\n                    \n\t\t\t\t\t\t<div class=\"eael-feature-list-icon-box\">\n\t\t\t\t\t\t\t<div class=\"eael-feature-list-icon-inner\">\n\n\t\t\t\t\t\t\t\t<a class=\"eael-feature-list-icon fl-icon-3\"href=\"https:\/\/pattersonmills.ch\/fr\/moving-eu-jurisdiction\/\">\n\n\t\t<i aria-hidden=\"true\" class=\"fas fa-truck\"><\/i>\t\t\t\t\t\t\t\t<\/a>\n\t\t\t\t\t\t\t<\/div>\n\t\t\t\t\t\t<\/div>\n\t\t\t\t\t\t<div class=\"eael-feature-list-content-box\">\n                            <h2 class=\"eael-feature-list-title\"><a href=\"https:\/\/pattersonmills.ch\/fr\/moving-eu-jurisdiction\/\">D\u00e9placement de la juridiction de l'UE<\/a><\/h2>\t\t\t\t\t\t<p class=\"eael-feature-list-content\">Our international, distinctive and end-to-end solutions are here to help you feel confident and secure about your finances.<\/p>\n\t\t\t\t\t\t<\/div>\n\n\t\t\t\t\t<\/li>\n\t\t\t\t\t\t\t<\/ul>\n\t\t<\/div>\n\t\t\t\t\t\t<\/div>\n\t\t\t\t<\/div>\n\t\t\t\t\t<\/div>\n\t\t<\/div>\n\t\t\t\t<div class=\"elementor-column elementor-col-50 elementor-inner-column elementor-element elementor-element-56665258\" data-id=\"56665258\" data-element_type=\"column\" data-e-type=\"column\">\n\t\t\t<div class=\"elementor-widget-wrap elementor-element-populated\">\n\t\t\t\t\t\t<div class=\"elementor-element elementor-element-523c44e7 elementor-widget elementor-widget-eael-feature-list\" data-id=\"523c44e7\" data-element_type=\"widget\" data-e-type=\"widget\" data-widget_type=\"eael-feature-list.default\">\n\t\t\t\t<div class=\"elementor-widget-container\">\n\t\t\t\t\t\t\t<div class=\"-icon-position-left -tablet-icon-position-left -mobile-icon-position-left\">\n\t\t\t<ul id=\"eael-feature-list-523c44e7\" class=\"eael-feature-list-items square stacked  eael-feature-list-vertical\" data-layout-tablet=\"vertical\" data-layout-mobile=\"vertical\">\n\t\t\t                <li class=\"eael-feature-list-item elementor-repeater-item-5d4a31e\">\n                    \n\t\t\t\t\t\t<div class=\"eael-feature-list-icon-box\">\n\t\t\t\t\t\t\t<div class=\"eael-feature-list-icon-inner\">\n\n\t\t\t\t\t\t\t\t<a class=\"eael-feature-list-icon fl-icon-0\"href=\"https:\/\/pattersonmills.ch\/fr\/australian-expatriates\/\">\n\n\t\t<svg xmlns=\"http:\/\/www.w3.org\/2000\/svg\" xmlns:xlink=\"http:\/\/www.w3.org\/1999\/xlink\" id=\"Layer_1\" x=\"0px\" y=\"0px\" viewbox=\"0 0 700 700\" style=\"enable-background:new 0 0 700 700;\" xml:space=\"preserve\"><g>\t<path d=\"M78,73.9h62v47.5L78,73.9z\"><\/path>\t<path d=\"M155.6,73.9h39.9v80.7h147.4l-0.2,41.8H195.4v87.5h-39.9v-87.5h-140v-41.8h140L155.6,73.9z\"><\/path>\t<path d=\"M211,73.9h65.4L211,122L211,73.9z\"><\/path>\t<path d=\"M302.6,73.9h40.5l-0.1,9.5l-78.6,55.6h-50.5L302.6,73.9L302.6,73.9z\"><\/path>\t<path d=\"M358.7,73.9l-0.9,225.5H15.6v167.2c0,23.8,18.9,42.8,42.8,42.8h583.3c23.8,0,42.8-19,42.8-42.8v-350  c0-23.8-18.9-42.8-42.8-42.8L358.7,73.9z M530,103.1l6.3,18.3l18.8-6.2l-10.4,16.3l16.6,10.9l-19.3,2.1l1.8,19.7l-13.6-13.8  l-14.3,13.7l2.3-19.2l-19.7-2.6l16.5-10.2l-10.2-17l18.3,6.5L530,103.1z M633.6,199.5l6.3,18.3l18.8-6.2L648.3,228l16.6,10.9  l-19.3,2.1l1.8,19.7l-13.6-13.8l-14.3,13.7l2.3-19.2l-19.6-2.6l16.5-10.2l-10.2-17l18.2,6.5L633.6,199.5z M413.8,227.7l6.7,19.5  l20.1-6.6l-11.1,17.4l17.7,11.6l-20.5,2.2l1.9,21L414,278.2l-15.2,14.6l2.5-20.5l-21-2.8l17.6-10.9l-10.9-18.1l19.5,6.9  L413.8,227.7z M576.4,290.7l5,13.4l14.6,0.2l-11.2,8.9l4.3,14l-11.9-7.9l-11.9,8.4l3.8-13.8l-11.7-8.7l14.3-0.6L576.4,290.7z   M173,339.3l13.7,39.9l41.1-13.4l-22.7,35.6l36.1,23.7l-42,4.5l4,43l-29.7-30l-31.2,29.9l5-41.9l-42.8-5.7l35.9-22.2l-22.2-37  l39.8,14.2L173,339.3z M530.4,411.7l6.6,19.4l20-6.5l-11,17.3l17.5,11.5l-20.4,2.2l1.9,20.9l-14.4-14.6l-15.2,14.5l2.4-20.4  l-20.8-2.8l17.5-10.8l-10.8-18l19.3,6.9L530.4,411.7z\"><\/path>\t<path d=\"M53.1,74.4l84.3,64.6h-50l-64.9-46C29.3,82.9,40.3,76,53.1,74.4z\"><\/path>\t<path d=\"M343,102.6l-0.2,36.5h-51.4L343,102.6z\"><\/path>\t<path d=\"M16.5,107.8l44.1,31.3h-45v-22.4C15.6,113.6,15.9,110.7,16.5,107.8L16.5,107.8z\"><\/path>\t<path d=\"M15.6,212H58l-42.4,30.3L15.6,212z\"><\/path>\t<path d=\"M84.7,212h50.6l-96.1,71.9H15.6v-22.5L84.7,212L84.7,212z\"><\/path>\t<path d=\"M214.5,212H261l81.3,56.9l-0.1,15h-34.1L214.5,212L214.5,212z\"><\/path>\t<path d=\"M288.2,212h54.4l-0.2,38L288.2,212z\"><\/path>\t<path d=\"M140,227.9v56H65.2L140,227.9z\"><\/path>\t<path d=\"M211,228.9l71.7,55H211L211,228.9z\"><\/path><\/g><\/svg>\t\t\t\t\t\t\t\t<\/a>\n\t\t\t\t\t\t\t<\/div>\n\t\t\t\t\t\t<\/div>\n\t\t\t\t\t\t<div class=\"eael-feature-list-content-box\">\n                            <h2 class=\"eael-feature-list-title\"><a href=\"https:\/\/pattersonmills.ch\/fr\/australian-expatriates\/\">Service des expatri\u00e9s Australiens<\/a><\/h2>\t\t\t\t\t\t<p class=\"eael-feature-list-content\">If you are an Australian in Switzerland, we can help you with your financial planning across all areas, including Super, investments, property, and more.<\/p>\n\t\t\t\t\t\t<\/div>\n\n\t\t\t\t\t<\/li>\n\t\t\t\t                <li class=\"eael-feature-list-item elementor-repeater-item-87e6ea3\">\n                    \n\t\t\t\t\t\t<div class=\"eael-feature-list-icon-box\">\n\t\t\t\t\t\t\t<div class=\"eael-feature-list-icon-inner\">\n\n\t\t\t\t\t\t\t\t<a class=\"eael-feature-list-icon fl-icon-1\"href=\"https:\/\/pattersonmills.ch\/fr\/relocating-to-the-uk\/\">\n\n\t\t<i aria-hidden=\"true\" class=\"fas fa-plane-arrival\"><\/i>\t\t\t\t\t\t\t\t<\/a>\n\t\t\t\t\t\t\t<\/div>\n\t\t\t\t\t\t<\/div>\n\t\t\t\t\t\t<div class=\"eael-feature-list-content-box\">\n                            <h2 class=\"eael-feature-list-title\"><a href=\"https:\/\/pattersonmills.ch\/fr\/relocating-to-the-uk\/\">D\u00e9m\u00e9nagement au Royaume-Uni<\/a><\/h2>\t\t\t\t\t\t<p class=\"eael-feature-list-content\">Our distinctive and end-to-end solutions are here to relieve the pressure that uncertainty around your finances can cause.<\/p>\n\t\t\t\t\t\t<\/div>\n\n\t\t\t\t\t<\/li>\n\t\t\t\t                <li class=\"eael-feature-list-item elementor-repeater-item-3b946b5\">\n                    \n\t\t\t\t\t\t<div class=\"eael-feature-list-icon-box\">\n\t\t\t\t\t\t\t<div class=\"eael-feature-list-icon-inner\">\n\n\t\t\t\t\t\t\t\t<a class=\"eael-feature-list-icon fl-icon-2\"href=\"https:\/\/pattersonmills.ch\/fr\/relocating-to-switzerland\/\">\n\n\t\t<i aria-hidden=\"true\" class=\"fas fa-plus-square\"><\/i>\t\t\t\t\t\t\t\t<\/a>\n\t\t\t\t\t\t\t<\/div>\n\t\t\t\t\t\t<\/div>\n\t\t\t\t\t\t<div class=\"eael-feature-list-content-box\">\n                            <h2 class=\"eael-feature-list-title\"><a href=\"https:\/\/pattersonmills.ch\/fr\/relocating-to-switzerland\/\">D\u00e9m\u00e9nager en Suisse<\/a><\/h2>\t\t\t\t\t\t<p class=\"eael-feature-list-content\">If you are planning a move to Switzerland, no matter how long for, we can offer a full suite of services to make your move as smooth as possible.<\/p>\n\t\t\t\t\t\t<\/div>\n\n\t\t\t\t\t<\/li>\n\t\t\t\t                <li class=\"eael-feature-list-item elementor-repeater-item-893fa7a\">\n                    \n\t\t\t\t\t\t<div class=\"eael-feature-list-icon-box\">\n\t\t\t\t\t\t\t<div class=\"eael-feature-list-icon-inner\">\n\n\t\t\t\t\t\t\t\t<a class=\"eael-feature-list-icon fl-icon-3\"href=\"https:\/\/pattersonmills.ch\/fr\/relocating-to-australia\/\">\n\n\t\t<i aria-hidden=\"true\" class=\"fas fa-plane\"><\/i>\t\t\t\t\t\t\t\t<\/a>\n\t\t\t\t\t\t\t<\/div>\n\t\t\t\t\t\t<\/div>\n\t\t\t\t\t\t<div class=\"eael-feature-list-content-box\">\n                            <h2 class=\"eael-feature-list-title\"><a href=\"https:\/\/pattersonmills.ch\/fr\/relocating-to-australia\/\">Relocating to Australia<\/a><\/h2>\t\t\t\t\t\t<p class=\"eael-feature-list-content\">If you are planning a move to Australia, we are here to help make your relocation smoother and enhance tax-efficiency.<\/p>\n\t\t\t\t\t\t<\/div>\n\n\t\t\t\t\t<\/li>\n\t\t\t\t\t\t\t<\/ul>\n\t\t<\/div>\n\t\t\t\t\t\t<\/div>\n\t\t\t\t<\/div>\n\t\t\t\t\t<\/div>\n\t\t<\/div>\n\t\t\t\t\t<\/div>\n\t\t<\/section>\n\t\t\t\t<div class=\"elementor-element elementor-element-344c105c animated-slow elementor-invisible elementor-widget elementor-widget-text-editor\" data-id=\"344c105c\" data-element_type=\"widget\" data-e-type=\"widget\" data-settings=\"{&quot;_animation&quot;:&quot;fadeIn&quot;,&quot;_animation_delay&quot;:1}\" data-widget_type=\"text-editor.default\">\n\t\t\t\t<div class=\"elementor-widget-container\">\n\t\t\t\t\t\t\t\t\t<p><strong><span style=\"white-space: pre-wrap;\">Si vous recherchez une option qui n'est pas r\u00e9pertori\u00e9e ci-dessus, n'h\u00e9sitez pas \u00e0 <span style=\"text-decoration: underline;\"><a href=\"https:\/\/pattersonmills.ch\/fr\/contact\/\">contactez-nous<\/a><\/span>. Nous sommes convaincus que nous pouvons vous offrir le service que vous recherchez.<\/span><\/strong><\/p>\t\t\t\t\t\t\t\t<\/div>\n\t\t\t\t<\/div>\n\t\t\t\t<div class=\"elementor-element elementor-element-2fcb27de animated-slow elementor-invisible elementor-widget elementor-widget-button\" data-id=\"2fcb27de\" data-element_type=\"widget\" data-e-type=\"widget\" data-settings=\"{&quot;_animation&quot;:&quot;fadeIn&quot;,&quot;_animation_delay&quot;:1.5}\" data-widget_type=\"button.default\">\n\t\t\t\t<div class=\"elementor-widget-container\">\n\t\t\t\t\t\t\t\t\t<div class=\"elementor-button-wrapper\">\n\t\t\t\t\t<a class=\"elementor-button elementor-button-link elementor-size-sm\" href=\"https:\/\/pattersonmills.ch\/fr\/contact\/\">\n\t\t\t\t\t\t<span class=\"elementor-button-content-wrapper\">\n\t\t\t\t\t\t\t\t\t<span class=\"elementor-button-text\">Nous Contacter<\/span>\n\t\t\t\t\t<\/span>\n\t\t\t\t\t<\/a>\n\t\t\t\t<\/div>\n\t\t\t\t\t\t\t\t<\/div>\n\t\t\t\t<\/div>\n\t\t\t\t\t<\/div>\n\t\t<\/div>\n\t\t\t\t\t<\/div>\n\t\t<\/section>\n\t\t\t\t<\/div>","protected":false},"excerpt":{"rendered":"<p>Through harnessing our global outlook, we offer an extensive range of financial services wherever you may be. Through harnessing our global outlook, we offer an extensive range of financial services wherever you may be. Services for Expatriates As a client of Patterson Mills, you can be assured that you are receiving high quality, bespoke and [&hellip;]<\/p>\n","protected":false},"author":1,"featured_media":895,"parent":0,"menu_order":0,"comment_status":"closed","ping_status":"closed","template":"elementor_header_footer","meta":{"footnotes":""},"class_list":["post-896","page","type-page","status-publish","has-post-thumbnail","hentry"],"aioseo_notices":[],"_links":{"self":[{"href":"https:\/\/pattersonmills.ch\/fr\/wp-json\/wp\/v2\/pages\/896","targetHints":{"allow":["GET"]}}],"collection":[{"href":"https:\/\/pattersonmills.ch\/fr\/wp-json\/wp\/v2\/pages"}],"about":[{"href":"https:\/\/pattersonmills.ch\/fr\/wp-json\/wp\/v2\/types\/page"}],"author":[{"embeddable":true,"href":"https:\/\/pattersonmills.ch\/fr\/wp-json\/wp\/v2\/users\/1"}],"replies":[{"embeddable":true,"href":"https:\/\/pattersonmills.ch\/fr\/wp-json\/wp\/v2\/comments?post=896"}],"version-history":[{"count":227,"href":"https:\/\/pattersonmills.ch\/fr\/wp-json\/wp\/v2\/pages\/896\/revisions"}],"predecessor-version":[{"id":15496,"href":"https:\/\/pattersonmills.ch\/fr\/wp-json\/wp\/v2\/pages\/896\/revisions\/15496"}],"wp:featuredmedia":[{"embeddable":true,"href":"https:\/\/pattersonmills.ch\/fr\/wp-json\/wp\/v2\/media\/895"}],"wp:attachment":[{"href":"https:\/\/pattersonmills.ch\/fr\/wp-json\/wp\/v2\/media?parent=896"}],"curies":[{"name":"wp","href":"https:\/\/api.w.org\/{rel}","templated":true}]}}