{"id":15259,"date":"2025-05-20T17:27:19","date_gmt":"2025-05-20T15:27:19","guid":{"rendered":"https:\/\/pattersonmills.ch\/?page_id=15259"},"modified":"2025-05-20T17:38:44","modified_gmt":"2025-05-20T15:38:44","slug":"pillar-3a-when-leaving-switzerland","status":"publish","type":"page","link":"https:\/\/pattersonmills.ch\/fr\/pillar-3a-when-leaving-switzerland\/","title":{"rendered":"Pillar 3a When Leaving Switzerland"},"content":{"rendered":"<div data-elementor-type=\"wp-page\" data-elementor-id=\"15259\" class=\"elementor elementor-15259\" data-elementor-post-type=\"page\">\n\t\t\t\t\t\t<section class=\"elementor-section elementor-top-section elementor-element elementor-element-bd8b3db elementor-section-full_width elementor-section-height-min-height elementor-section-items-stretch elementor-hidden-mobile elementor-section-height-default\" data-id=\"bd8b3db\" data-element_type=\"section\" data-e-type=\"section\" data-settings=\"{&quot;background_background&quot;:&quot;classic&quot;}\">\n\t\t\t\t\t\t<div class=\"elementor-container elementor-column-gap-default\">\n\t\t\t\t\t<div class=\"elementor-column elementor-col-50 elementor-top-column elementor-element elementor-element-f625527 elementor-invisible\" data-id=\"f625527\" data-element_type=\"column\" data-e-type=\"column\" data-settings=\"{&quot;background_background&quot;:&quot;classic&quot;,&quot;animation&quot;:&quot;fadeIn&quot;}\">\n\t\t\t<div class=\"elementor-widget-wrap elementor-element-populated\">\n\t\t\t\t\t\t<div class=\"elementor-element elementor-element-2300c71 elementor-widget elementor-widget-spacer\" data-id=\"2300c71\" data-element_type=\"widget\" data-e-type=\"widget\" data-widget_type=\"spacer.default\">\n\t\t\t\t<div class=\"elementor-widget-container\">\n\t\t\t\t\t\t\t<div class=\"elementor-spacer\">\n\t\t\t<div class=\"elementor-spacer-inner\"><\/div>\n\t\t<\/div>\n\t\t\t\t\t\t<\/div>\n\t\t\t\t<\/div>\n\t\t\t\t\t<\/div>\n\t\t<\/div>\n\t\t\t\t<div class=\"elementor-column elementor-col-50 elementor-top-column elementor-element elementor-element-36aad41\" data-id=\"36aad41\" data-element_type=\"column\" data-e-type=\"column\" data-settings=\"{&quot;animation&quot;:&quot;none&quot;}\">\n\t\t\t<div class=\"elementor-widget-wrap elementor-element-populated\">\n\t\t\t\t\t\t<div class=\"elementor-element elementor-element-cff4d26 animated-slow elementor-invisible elementor-widget elementor-widget-text-editor\" data-id=\"cff4d26\" data-element_type=\"widget\" data-e-type=\"widget\" data-settings=\"{&quot;_animation&quot;:&quot;fadeIn&quot;,&quot;_animation_delay&quot;:0.5}\" data-widget_type=\"text-editor.default\">\n\t\t\t\t<div class=\"elementor-widget-container\">\n\t\t\t\t\t\t\t\t\t<p>If you are de-registering from Switzerland, or have already left, you can have your Pillar 3a paid out.<\/p>\t\t\t\t\t\t\t\t<\/div>\n\t\t\t\t<\/div>\n\t\t\t\t\t<\/div>\n\t\t<\/div>\n\t\t\t\t\t<\/div>\n\t\t<\/section>\n\t\t\t\t<section class=\"elementor-section elementor-top-section elementor-element elementor-element-f6ed715 elementor-section-full_width elementor-hidden-desktop elementor-hidden-tablet elementor-section-height-default elementor-section-height-default\" data-id=\"f6ed715\" data-element_type=\"section\" data-e-type=\"section\" data-settings=\"{&quot;background_background&quot;:&quot;classic&quot;}\">\n\t\t\t\t\t\t<div class=\"elementor-container elementor-column-gap-default\">\n\t\t\t\t\t<div class=\"elementor-column elementor-col-100 elementor-top-column elementor-element elementor-element-970f095\" data-id=\"970f095\" data-element_type=\"column\" data-e-type=\"column\" data-settings=\"{&quot;background_background&quot;:&quot;classic&quot;,&quot;animation&quot;:&quot;none&quot;}\">\n\t\t\t<div class=\"elementor-widget-wrap elementor-element-populated\">\n\t\t\t\t\t\t<div class=\"elementor-element elementor-element-e73d8ba elementor-widget elementor-widget-image\" data-id=\"e73d8ba\" data-element_type=\"widget\" data-e-type=\"widget\" data-widget_type=\"image.default\">\n\t\t\t\t<div class=\"elementor-widget-container\">\n\t\t\t\t\t\t\t\t\t\t\t\t\t\t\t<img fetchpriority=\"high\" decoding=\"async\" width=\"1344\" height=\"756\" src=\"https:\/\/pattersonmills.ch\/wp-content\/uploads\/2024\/07\/07.2024-2-08.07.2024-R.jpg\" class=\"attachment-full size-full wp-image-13852\" alt=\"\" srcset=\"https:\/\/pattersonmills.ch\/wp-content\/uploads\/2024\/07\/07.2024-2-08.07.2024-R.jpg 1344w, https:\/\/pattersonmills.ch\/wp-content\/uploads\/2024\/07\/07.2024-2-08.07.2024-R-300x169.jpg 300w, https:\/\/pattersonmills.ch\/wp-content\/uploads\/2024\/07\/07.2024-2-08.07.2024-R-1024x576.jpg 1024w, https:\/\/pattersonmills.ch\/wp-content\/uploads\/2024\/07\/07.2024-2-08.07.2024-R-768x432.jpg 768w, https:\/\/pattersonmills.ch\/wp-content\/uploads\/2024\/07\/07.2024-2-08.07.2024-R-18x10.jpg 18w, https:\/\/pattersonmills.ch\/wp-content\/uploads\/2024\/07\/07.2024-2-08.07.2024-R-1200x675.jpg 1200w\" sizes=\"(max-width: 1344px) 100vw, 1344px\" \/>\t\t\t\t\t\t\t\t\t\t\t\t\t\t\t<\/div>\n\t\t\t\t<\/div>\n\t\t\t\t\t<\/div>\n\t\t<\/div>\n\t\t\t\t\t<\/div>\n\t\t<\/section>\n\t\t\t\t<section class=\"elementor-section elementor-top-section elementor-element elementor-element-c5c6bca elementor-section-full_width elementor-hidden-desktop elementor-hidden-tablet elementor-section-height-default elementor-section-height-default\" data-id=\"c5c6bca\" data-element_type=\"section\" data-e-type=\"section\" data-settings=\"{&quot;background_background&quot;:&quot;classic&quot;}\">\n\t\t\t\t\t\t<div class=\"elementor-container elementor-column-gap-default\">\n\t\t\t\t\t<div class=\"elementor-column elementor-col-100 elementor-top-column elementor-element elementor-element-95806ea\" data-id=\"95806ea\" data-element_type=\"column\" data-e-type=\"column\" data-settings=\"{&quot;animation&quot;:&quot;none&quot;}\">\n\t\t\t<div class=\"elementor-widget-wrap elementor-element-populated\">\n\t\t\t\t\t\t<div class=\"elementor-element elementor-element-8b4efe1 animated-slow elementor-invisible elementor-widget elementor-widget-text-editor\" data-id=\"8b4efe1\" data-element_type=\"widget\" data-e-type=\"widget\" data-settings=\"{&quot;_animation&quot;:&quot;fadeIn&quot;,&quot;_animation_delay&quot;:0.5}\" data-widget_type=\"text-editor.default\">\n\t\t\t\t<div class=\"elementor-widget-container\">\n\t\t\t\t\t\t\t\t\t<p id=\"h-pillar-3a-when-leaving-switzerland\" class=\"wp-block-heading\">If you are de-registering from Switzerland, or have already left, you can have your Pillar 3a paid out.<\/p>\t\t\t\t\t\t\t\t<\/div>\n\t\t\t\t<\/div>\n\t\t\t\t\t<\/div>\n\t\t<\/div>\n\t\t\t\t\t<\/div>\n\t\t<\/section>\n\t\t\t\t<section class=\"elementor-section elementor-top-section elementor-element elementor-element-5ec5f65 elementor-section-full_width elementor-section-height-default elementor-section-height-default\" data-id=\"5ec5f65\" data-element_type=\"section\" data-e-type=\"section\" data-settings=\"{&quot;background_background&quot;:&quot;classic&quot;}\">\n\t\t\t\t\t\t<div class=\"elementor-container elementor-column-gap-default\">\n\t\t\t\t\t<div class=\"elementor-column elementor-col-50 elementor-top-column elementor-element elementor-element-ec821af\" data-id=\"ec821af\" data-element_type=\"column\" data-e-type=\"column\" data-settings=\"{&quot;animation&quot;:&quot;none&quot;}\">\n\t\t\t<div class=\"elementor-widget-wrap elementor-element-populated\">\n\t\t\t\t\t\t<div class=\"elementor-element elementor-element-8a8415e animated-slow elementor-invisible elementor-widget elementor-widget-heading\" data-id=\"8a8415e\" data-element_type=\"widget\" data-e-type=\"widget\" data-settings=\"{&quot;_animation&quot;:&quot;fadeIn&quot;,&quot;_animation_delay&quot;:0.5}\" data-widget_type=\"heading.default\">\n\t\t\t\t<div class=\"elementor-widget-container\">\n\t\t\t\t\t<h2 class=\"elementor-heading-title elementor-size-default\">Taxation of Pillar 3a When Leaving Switzerland<\/h2>\t\t\t\t<\/div>\n\t\t\t\t<\/div>\n\t\t\t\t<div class=\"elementor-element elementor-element-0dfc2ad animated-slow elementor-invisible elementor-widget elementor-widget-text-editor\" data-id=\"0dfc2ad\" data-element_type=\"widget\" data-e-type=\"widget\" data-settings=\"{&quot;_animation&quot;:&quot;fadeIn&quot;,&quot;_animation_delay&quot;:0.5}\" data-widget_type=\"text-editor.default\">\n\t\t\t\t<div class=\"elementor-widget-container\">\n\t\t\t\t\t\t\t\t\t<p>If you are still resident in Switzerland at the time your Pillar 3a is paid to you, even if definitely leaving soon, you will pay tax at the rate of the canton in which you are resident.<\/p><p>If you have already de-registered from Switzerland and departed, the tax rate applied is that of the canton in which your Pillar 3a provider is based.<\/p><p>Your provider should deduct the tax directly before paying it to you. This is why it can be beneficial to move your Pillar 3a to a lower tax canton prior to your departure (and why some foundations are domiciled in canton Schwyz!).<\/p>\t\t\t\t\t\t\t\t<\/div>\n\t\t\t\t<\/div>\n\t\t\t\t\t<\/div>\n\t\t<\/div>\n\t\t\t\t<div class=\"elementor-column elementor-col-50 elementor-top-column elementor-element elementor-element-00637ac elementor-hidden-mobile animated-slow elementor-invisible\" data-id=\"00637ac\" data-element_type=\"column\" data-e-type=\"column\" data-settings=\"{&quot;background_background&quot;:&quot;classic&quot;,&quot;animation&quot;:&quot;fadeIn&quot;,&quot;animation_delay&quot;:0.5}\">\n\t\t\t<div class=\"elementor-widget-wrap elementor-element-populated\">\n\t\t\t\t\t\t<div class=\"elementor-element elementor-element-88261d7 elementor-widget elementor-widget-spacer\" data-id=\"88261d7\" data-element_type=\"widget\" data-e-type=\"widget\" data-widget_type=\"spacer.default\">\n\t\t\t\t<div class=\"elementor-widget-container\">\n\t\t\t\t\t\t\t<div class=\"elementor-spacer\">\n\t\t\t<div class=\"elementor-spacer-inner\"><\/div>\n\t\t<\/div>\n\t\t\t\t\t\t<\/div>\n\t\t\t\t<\/div>\n\t\t\t\t\t<\/div>\n\t\t<\/div>\n\t\t\t\t\t<\/div>\n\t\t<\/section>\n\t\t\t\t<section class=\"elementor-section elementor-top-section elementor-element elementor-element-743bc23 elementor-section-full_width elementor-section-height-default elementor-section-height-default\" data-id=\"743bc23\" data-element_type=\"section\" data-e-type=\"section\" data-settings=\"{&quot;background_background&quot;:&quot;classic&quot;}\">\n\t\t\t\t\t\t<div class=\"elementor-container elementor-column-gap-default\">\n\t\t\t\t\t<div class=\"elementor-column elementor-col-100 elementor-top-column elementor-element elementor-element-9fe10f1 elementor-invisible\" data-id=\"9fe10f1\" data-element_type=\"column\" data-e-type=\"column\" data-settings=\"{&quot;background_background&quot;:&quot;classic&quot;,&quot;animation&quot;:&quot;fadeIn&quot;}\">\n\t\t\t<div class=\"elementor-widget-wrap elementor-element-populated\">\n\t\t\t\t\t\t<div class=\"elementor-element elementor-element-55be6cb animated-slow elementor-invisible elementor-widget elementor-widget-heading\" data-id=\"55be6cb\" data-element_type=\"widget\" data-e-type=\"widget\" data-settings=\"{&quot;_animation&quot;:&quot;fadeIn&quot;,&quot;_animation_delay&quot;:0.5}\" data-widget_type=\"heading.default\">\n\t\t\t\t<div class=\"elementor-widget-container\">\n\t\t\t\t\t<h2 class=\"elementor-heading-title elementor-size-default\">Should You Move Your Pillar 3a to a Lower Tax Canton?<\/h2>\t\t\t\t<\/div>\n\t\t\t\t<\/div>\n\t\t\t\t<section class=\"elementor-section elementor-inner-section elementor-element elementor-element-d9bad99 elementor-section-full_width elementor-section-height-default elementor-section-height-default\" data-id=\"d9bad99\" data-element_type=\"section\" data-e-type=\"section\">\n\t\t\t\t\t\t<div class=\"elementor-container elementor-column-gap-default\">\n\t\t\t\t\t<div class=\"elementor-column elementor-col-100 elementor-inner-column elementor-element elementor-element-4ef80ae\" data-id=\"4ef80ae\" data-element_type=\"column\" data-e-type=\"column\">\n\t\t\t<div class=\"elementor-widget-wrap elementor-element-populated\">\n\t\t\t\t\t\t<div class=\"elementor-element elementor-element-27b4e02 animated-slow elementor-invisible elementor-widget elementor-widget-text-editor\" data-id=\"27b4e02\" data-element_type=\"widget\" data-e-type=\"widget\" data-settings=\"{&quot;_animation&quot;:&quot;fadeIn&quot;,&quot;_animation_delay&quot;:0.5}\" data-widget_type=\"text-editor.default\">\n\t\t\t\t<div class=\"elementor-widget-container\">\n\t\t\t\t\t\t\t\t\t<p>It is not always worth moving your Pillar 3a to a lower tax canton. You should consider the tax rate differences with your canton of residence, the fees you may pay for the service of extracting your Pillar 3a soon after switching providers, and the total value of your account.<\/p><p>In addition, there are countries in which a Pillar 3a withdrawal may be taxed upon receipt. In such cases, you may wish to consider leaving your Pillar 3a where it is, though still would likely benefit from relocating it to a lower tax canton, or making a withdrawal from your canton of residence prior to your departure from Switzerland.<\/p><p>The same rules generally apply to the Pillar 2 lump sum, though you should confirm with your Patterson Mills Adviser the personal impact on you with regards to both your Pillar 2 (or Vested Benefits) and Pillar 3a.<\/p>\t\t\t\t\t\t\t\t<\/div>\n\t\t\t\t<\/div>\n\t\t\t\t<div class=\"elementor-element elementor-element-6cd432d elementor-widget elementor-widget-spacer\" data-id=\"6cd432d\" data-element_type=\"widget\" data-e-type=\"widget\" data-widget_type=\"spacer.default\">\n\t\t\t\t<div class=\"elementor-widget-container\">\n\t\t\t\t\t\t\t<div class=\"elementor-spacer\">\n\t\t\t<div class=\"elementor-spacer-inner\"><\/div>\n\t\t<\/div>\n\t\t\t\t\t\t<\/div>\n\t\t\t\t<\/div>\n\t\t\t\t\t<\/div>\n\t\t<\/div>\n\t\t\t\t\t<\/div>\n\t\t<\/section>\n\t\t\t\t\t<\/div>\n\t\t<\/div>\n\t\t\t\t\t<\/div>\n\t\t<\/section>\n\t\t\t\t<section class=\"elementor-section elementor-top-section elementor-element elementor-element-57756cd elementor-section-full_width elementor-hidden-desktop elementor-hidden-tablet elementor-section-height-default elementor-section-height-default\" data-id=\"57756cd\" data-element_type=\"section\" data-e-type=\"section\" data-settings=\"{&quot;background_background&quot;:&quot;classic&quot;}\">\n\t\t\t\t\t\t<div class=\"elementor-container elementor-column-gap-default\">\n\t\t\t\t\t<div class=\"elementor-column elementor-col-100 elementor-top-column elementor-element elementor-element-6392add\" data-id=\"6392add\" data-element_type=\"column\" data-e-type=\"column\">\n\t\t\t<div class=\"elementor-widget-wrap elementor-element-populated\">\n\t\t\t\t\t\t<div class=\"elementor-element elementor-element-0aa11cf elementor-widget elementor-widget-image\" data-id=\"0aa11cf\" data-element_type=\"widget\" data-e-type=\"widget\" data-widget_type=\"image.default\">\n\t\t\t\t<div class=\"elementor-widget-container\">\n\t\t\t\t\t\t\t\t\t\t\t\t\t\t\t<img decoding=\"async\" width=\"670\" height=\"482\" src=\"https:\/\/pattersonmills.ch\/wp-content\/uploads\/2022\/08\/australian-expats-unique-clients-mobile.jpg\" class=\"attachment-full size-full wp-image-5419\" alt=\"\" srcset=\"https:\/\/pattersonmills.ch\/wp-content\/uploads\/2022\/08\/australian-expats-unique-clients-mobile.jpg 670w, https:\/\/pattersonmills.ch\/wp-content\/uploads\/2022\/08\/australian-expats-unique-clients-mobile-300x216.jpg 300w, https:\/\/pattersonmills.ch\/wp-content\/uploads\/2022\/08\/australian-expats-unique-clients-mobile-18x12.jpg 18w\" sizes=\"(max-width: 670px) 100vw, 670px\" \/>\t\t\t\t\t\t\t\t\t\t\t\t\t\t\t<\/div>\n\t\t\t\t<\/div>\n\t\t\t\t\t<\/div>\n\t\t<\/div>\n\t\t\t\t\t<\/div>\n\t\t<\/section>\n\t\t\t\t<section class=\"elementor-section elementor-top-section elementor-element elementor-element-27a2c1f elementor-section-full_width elementor-section-height-default elementor-section-height-default\" data-id=\"27a2c1f\" data-element_type=\"section\" data-e-type=\"section\" data-settings=\"{&quot;background_background&quot;:&quot;classic&quot;}\">\n\t\t\t\t\t\t<div class=\"elementor-container elementor-column-gap-default\">\n\t\t\t\t\t<div class=\"elementor-column elementor-col-33 elementor-top-column elementor-element elementor-element-63a4022 elementor-hidden-mobile elementor-invisible\" data-id=\"63a4022\" data-element_type=\"column\" data-e-type=\"column\" data-settings=\"{&quot;background_background&quot;:&quot;classic&quot;,&quot;animation&quot;:&quot;fadeIn&quot;}\">\n\t\t\t<div class=\"elementor-widget-wrap elementor-element-populated\">\n\t\t\t\t\t\t<div class=\"elementor-element elementor-element-47d382d elementor-widget elementor-widget-spacer\" data-id=\"47d382d\" data-element_type=\"widget\" data-e-type=\"widget\" data-widget_type=\"spacer.default\">\n\t\t\t\t<div class=\"elementor-widget-container\">\n\t\t\t\t\t\t\t<div class=\"elementor-spacer\">\n\t\t\t<div class=\"elementor-spacer-inner\"><\/div>\n\t\t<\/div>\n\t\t\t\t\t\t<\/div>\n\t\t\t\t<\/div>\n\t\t\t\t\t<\/div>\n\t\t<\/div>\n\t\t\t\t<div class=\"elementor-column elementor-col-66 elementor-top-column elementor-element elementor-element-1539d95\" data-id=\"1539d95\" data-element_type=\"column\" data-e-type=\"column\">\n\t\t\t<div class=\"elementor-widget-wrap elementor-element-populated\">\n\t\t\t\t\t\t<div class=\"elementor-element elementor-element-2879f45 animated-slow elementor-invisible elementor-widget elementor-widget-heading\" data-id=\"2879f45\" data-element_type=\"widget\" data-e-type=\"widget\" data-settings=\"{&quot;_animation&quot;:&quot;fadeIn&quot;}\" data-widget_type=\"heading.default\">\n\t\t\t\t<div class=\"elementor-widget-container\">\n\t\t\t\t\t<h2 class=\"elementor-heading-title elementor-size-default\">Un service aussi unique que nos clients<\/h2>\t\t\t\t<\/div>\n\t\t\t\t<\/div>\n\t\t\t\t<div class=\"elementor-element elementor-element-de5024d animated-slow elementor-invisible elementor-widget elementor-widget-text-editor\" data-id=\"de5024d\" data-element_type=\"widget\" data-e-type=\"widget\" data-settings=\"{&quot;_animation&quot;:&quot;fadeIn&quot;,&quot;_animation_delay&quot;:0.5}\" data-widget_type=\"text-editor.default\">\n\t\t\t\t<div class=\"elementor-widget-container\">\n\t\t\t\t\t\t\t\t\t<p>Experience over 39 years tells us that everyone really is different. The differences in taxation between cantons for Swiss pensions can seem complex. With the myriad of differing tax rules, investment regulations, and more, it can be extremely challenging to know whether or not your money is working as efficiently as possible for you.<\/p><p>C'est l\u00e0 que nous intervenons.<\/p><p>With our specialist advice service at Patterson Mills, which is tailored to ensuring you have the best possible chance of financial independence in retirement, we are well versed in the differing types of solutions available to you for your Pillar 3a and wider investments.<\/p><p>Il n'existe pas de solution unique. Cependant, en \u00e9tant totalement ind\u00e9pendants, nous avons veill\u00e9 \u00e0 ce que notre acc\u00e8s \u00e0 l'ensemble du march\u00e9 nous permette d'offrir \u00e0 nos clients un service tout aussi distinctif qu'eux.<\/p><p><strong>Pour savoir ce qui vous manque peut-\u00eatre, <a href=\"https:\/\/pattersonmills.ch\/fr\/contact\/\"><span style=\"text-decoration: underline;\">contactez-nous<\/span><\/a>. Vous n'avez rien \u00e0 perdre et potentiellement beaucoup \u00e0 gagner.<\/strong><\/p>\t\t\t\t\t\t\t\t<\/div>\n\t\t\t\t<\/div>\n\t\t\t\t\t<\/div>\n\t\t<\/div>\n\t\t\t\t\t<\/div>\n\t\t<\/section>\n\t\t\t\t<section class=\"elementor-section elementor-top-section elementor-element elementor-element-fd31961 elementor-section-full_width elementor-section-height-default elementor-section-height-default\" data-id=\"fd31961\" data-element_type=\"section\" data-e-type=\"section\" data-settings=\"{&quot;background_background&quot;:&quot;classic&quot;}\">\n\t\t\t\t\t\t<div class=\"elementor-container elementor-column-gap-default\">\n\t\t\t\t\t<div class=\"elementor-column elementor-col-100 elementor-top-column elementor-element elementor-element-6fd92cb\" data-id=\"6fd92cb\" data-element_type=\"column\" data-e-type=\"column\" data-settings=\"{&quot;animation&quot;:&quot;none&quot;}\">\n\t\t\t<div class=\"elementor-widget-wrap elementor-element-populated\">\n\t\t\t\t\t\t<div class=\"elementor-element elementor-element-6f9248d elementor-widget elementor-widget-heading\" data-id=\"6f9248d\" data-element_type=\"widget\" data-e-type=\"widget\" data-widget_type=\"heading.default\">\n\t\t\t\t<div class=\"elementor-widget-container\">\n\t\t\t\t\t<h3 class=\"elementor-heading-title elementor-size-large\">Pages associ\u00e9es<\/h3>\t\t\t\t<\/div>\n\t\t\t\t<\/div>\n\t\t\t\t<div class=\"elementor-element elementor-element-59c9346 elementor-widget elementor-widget-text-editor\" data-id=\"59c9346\" data-element_type=\"widget\" data-e-type=\"widget\" data-widget_type=\"text-editor.default\">\n\t\t\t\t<div class=\"elementor-widget-container\">\n\t\t\t\t\t\t\t\t\t<p><a title=\"Pillar 3a Pensions\" href=\"\/fr\/pillar-3a-pensions\/\">Pillar 3a Pensions<\/a>\u00a0 \u00a0 \u00a0 \u00a0 \u00a0<a href=\"https:\/\/pattersonmills.ch\/fr\/pensions-and-retirement-planning\/\">Retraites<\/a>\u00a0 \u00a0 \u00a0 \u00a0 \u00a0<a href=\"https:\/\/pattersonmills.ch\/fr\/vested-benefits-accounts\/\">Comptes de libre passage<\/a>\u00a0 \u00a0 \u00a0 \u00a0 \u00a0<a href=\"https:\/\/pattersonmills.ch\/fr\/uk-pension-transfers\/\">Transferts de pensions au Royaume-Uni<\/a>\u00a0 \u00a0 \u00a0 \u00a0 \u00a0Vested Benefits Transfers<\/p>\t\t\t\t\t\t\t\t<\/div>\n\t\t\t\t<\/div>\n\t\t\t\t\t<\/div>\n\t\t<\/div>\n\t\t\t\t\t<\/div>\n\t\t<\/section>\n\t\t\t\t<\/div>","protected":false},"excerpt":{"rendered":"<p>If you are de-registering from Switzerland, or have already left, you can have your Pillar 3a paid out. If you are de-registering from Switzerland, or have already left, you can have your Pillar 3a paid out. Taxation of Pillar 3a When Leaving Switzerland If you are still resident in Switzerland at the time your Pillar [&hellip;]<\/p>\n","protected":false},"author":1,"featured_media":0,"parent":0,"menu_order":0,"comment_status":"closed","ping_status":"closed","template":"elementor_header_footer","meta":{"footnotes":""},"class_list":["post-15259","page","type-page","status-publish","hentry"],"aioseo_notices":[],"_links":{"self":[{"href":"https:\/\/pattersonmills.ch\/fr\/wp-json\/wp\/v2\/pages\/15259","targetHints":{"allow":["GET"]}}],"collection":[{"href":"https:\/\/pattersonmills.ch\/fr\/wp-json\/wp\/v2\/pages"}],"about":[{"href":"https:\/\/pattersonmills.ch\/fr\/wp-json\/wp\/v2\/types\/page"}],"author":[{"embeddable":true,"href":"https:\/\/pattersonmills.ch\/fr\/wp-json\/wp\/v2\/users\/1"}],"replies":[{"embeddable":true,"href":"https:\/\/pattersonmills.ch\/fr\/wp-json\/wp\/v2\/comments?post=15259"}],"version-history":[{"count":8,"href":"https:\/\/pattersonmills.ch\/fr\/wp-json\/wp\/v2\/pages\/15259\/revisions"}],"predecessor-version":[{"id":15267,"href":"https:\/\/pattersonmills.ch\/fr\/wp-json\/wp\/v2\/pages\/15259\/revisions\/15267"}],"wp:attachment":[{"href":"https:\/\/pattersonmills.ch\/fr\/wp-json\/wp\/v2\/media?parent=15259"}],"curies":[{"name":"wp","href":"https:\/\/api.w.org\/{rel}","templated":true}]}}